{"id":14,"date":"2015-03-19T18:44:02","date_gmt":"2015-03-19T18:44:02","guid":{"rendered":"https:\/\/\/enegren.fi\/swedish\/?page_id=14"},"modified":"2023-01-12T20:56:35","modified_gmt":"2023-01-12T20:56:35","slug":"bakgrund","status":"publish","type":"page","link":"https:\/\/www.enegren.fi\/swedish\/bakgrund\/","title":{"rendered":"Bakgrund"},"content":{"rendered":"<div class=\"col-sm-4\">\n<figure class=\"featimg1\"><img decoding=\"async\" class=\"img-responsive\" src=\"https:\/\/www.enegren.fi\/swedish\/wp-content\/uploads\/sites\/3\/2023\/01\/jannika-enegren.jpg\" alt=\"Jannika Enegren\" \/><\/figure>\n<\/div>\n<div class=\"col-sm-8\">\n<h3>Jag grundade byr\u00e5 f\u00f6r att jag efter m\u00e5nga \u00e5r som lagberedare vid justitieministeriet ville \u00f6verg\u00e5 till att till\u00e4mpa lagarna i praktiken och se r\u00e4ttvisa skipas. Under \u00e5ren som tj\u00e4nsteman kom jag att sakna den personliga kontakten med olika slags m\u00e4nniskor.<\/h3>\n<p class=\"lead\">Jag har \u00f6ver tjugo \u00e5r jobbat p\u00e5 olika advokatbyr\u00e5er, som tingsdomare och under \u00e5ren 1994-2006 som lagberedare p\u00e5 justitieministeriet. Detta har gett mig en bred erfarenhet av f\u00f6rvaltningen och domstolsv\u00e4sendet med sina f\u00f6r- och nackdelar. <a href=\"http:\/\/www.enegren.fi\/swedish\/wp-content\/uploads\/sites\/3\/2019\/01\/hemsidans-cv-svensk-2019.pdf\" target=\"_blank\" rel=\"noopener\">N\u00e4rmare upplysningar<\/a> (PDF).<\/p>\n<p>I min verksamheten iakttar jag Finlands advokatf\u00f6rbunds regler om <a href=\"https:\/\/www.asianajajaliitto.fi\/files\/1674\/B_01_Vagledande_regler_om_god_advokatsed_Januari_2013.pdf\" target=\"_blank\" rel=\"noopener\">god advokatsed<\/a>. Som auktoriserad jurist (tillst\u00e5nd nr 13\/125) \u00f6vervakas jag i domstols\u00e4renden av justitikanslern, \u00f6vervakningsn\u00e4mnden och r\u00e4tteg\u00e5ngsbitr\u00e4desn\u00e4mnden (lagen om r\u00e4tteg\u00e5ngsbitr\u00e4den 715\/2011)<\/p>\n<\/div>\n","protected":false},"excerpt":{"rendered":"<p>Jag grundade byr\u00e5 f\u00f6r att jag efter m\u00e5nga \u00e5r som lagberedare vid justitieministeriet ville \u00f6verg\u00e5 till att till\u00e4mpa lagarna i praktiken och se r\u00e4ttvisa skipas. Under \u00e5ren som tj\u00e4nsteman kom jag att sakna den personliga kontakten med olika slags m\u00e4nniskor. Jag har \u00f6ver tjugo \u00e5r jobbat p\u00e5 olika advokatbyr\u00e5er, som tingsdomare och under \u00e5ren 1994-2006&#8230;  <a href=\"https:\/\/www.enegren.fi\/swedish\/bakgrund\/\" class=\"more-link\" title=\"Read Bakgrund\">Read more &raquo;<\/a><\/p>\n","protected":false},"author":1,"featured_media":0,"parent":0,"menu_order":0,"comment_status":"closed","ping_status":"closed","template":"","meta":{"footnotes":""},"class_list":["post-14","page","type-page","status-publish","hentry"],"_links":{"self":[{"href":"https:\/\/www.enegren.fi\/swedish\/wp-json\/wp\/v2\/pages\/14","targetHints":{"allow":["GET"]}}],"collection":[{"href":"https:\/\/www.enegren.fi\/swedish\/wp-json\/wp\/v2\/pages"}],"about":[{"href":"https:\/\/www.enegren.fi\/swedish\/wp-json\/wp\/v2\/types\/page"}],"author":[{"embeddable":true,"href":"https:\/\/www.enegren.fi\/swedish\/wp-json\/wp\/v2\/users\/1"}],"replies":[{"embeddable":true,"href":"https:\/\/www.enegren.fi\/swedish\/wp-json\/wp\/v2\/comments?post=14"}],"version-history":[{"count":5,"href":"https:\/\/www.enegren.fi\/swedish\/wp-json\/wp\/v2\/pages\/14\/revisions"}],"predecessor-version":[{"id":48,"href":"https:\/\/www.enegren.fi\/swedish\/wp-json\/wp\/v2\/pages\/14\/revisions\/48"}],"wp:attachment":[{"href":"https:\/\/www.enegren.fi\/swedish\/wp-json\/wp\/v2\/media?parent=14"}],"curies":[{"name":"wp","href":"https:\/\/api.w.org\/{rel}","templated":true}]}}