{"id":16,"date":"2015-03-19T18:50:12","date_gmt":"2015-03-19T18:50:12","guid":{"rendered":"https:\/\/\/enegren.fi\/swedish\/?page_id=16"},"modified":"2024-03-28T04:50:44","modified_gmt":"2024-03-28T04:50:44","slug":"tjanster","status":"publish","type":"page","link":"https:\/\/www.enegren.fi\/swedish\/tjanster\/","title":{"rendered":"Tj\u00e4nster"},"content":{"rendered":"<div class=\"col-sm-4\">\n<figure class=\"featimg1\"><img decoding=\"async\" class=\"img-responsive\" src=\"https:\/\/www.enegren.fi\/swedish\/wp-content\/uploads\/sites\/3\/2023\/01\/feat-pic1.jpg\" alt=\"Tj\u00e4nster\" \/><\/figure>\n<\/div>\n<div class=\"col-sm-8\">\n<h3>Byr\u00e5n sk\u00f6ter bland annat:<\/h3>\n<ul class=\"ultp1\">\n<li>Familjer\u00e4ttsliga \u00e4renden\n<ul>\n<li>&#8211; \u00c4ktenskapsf\u00f6rord och \u00f6vriga avtal mellan makar<\/li>\n<li>&#8211; Avtal mellan samboende<\/li>\n<li>&#8211; Skilsm\u00e4ssor och avvittring<\/li>\n<li>&#8211; V\u00e5rdnad om barn och umg\u00e4ngesfr\u00e5gor<\/li>\n<li>&#8211; Intressebevakning (f\u00f6rmyndarskap)<\/li>\n<\/ul>\n<\/li>\n<li>Arvsr\u00e4ttsliga \u00e4renden\n<ul>\n<li>&#8211; Bouppteckningar<\/li>\n<li>&#8211; Testamenten<\/li>\n<li>&#8211; Boutredningar<\/li>\n<li>&#8211; Arvskiften<\/li>\n<\/ul>\n<\/li>\n<li>F\u00f6rm\u00f6genhetsr\u00e4ttsliga arrangemang\n<ul>\n<li>&#8211; K\u00f6pe- och g\u00e5vobrev<\/li>\n<li>&#8211; Fastighets- och l\u00e4genhetsk\u00f6p<\/li>\n<li>&#8211; Hyres- och bostads\u00e4renden<\/li>\n<li>&#8211; Lagfarter<\/li>\n<\/ul>\n<\/li>\n<li>Bolagsr\u00e4ttsliga fr\u00e5gor\n<ul>\n<li>&#8211; Grundande av f\u00f6retag<\/li>\n<li>&#8211; \u00c4ndring av bolagsform<\/li>\n<li>&#8211; Avtal<\/li>\n<\/ul>\n<\/li>\n<li>Allm\u00e4nna tvistem\u00e5l<\/li>\n<li>Konsument\u00e4renden<\/li>\n<\/ul>\n<p class=\"lead\"><a title=\"Kontaktuppgifter\" href=\"https:\/\/www.enegren.fi\/swedish\/kontaktuppgifter\/\">Ta kontakt<\/a> f\u00f6r mera information.<\/p>\n<p>En f\u00f6rsta telefonkonsultation \u00e4r alltid avgiftsfri.<\/p>\n<\/div>\n","protected":false},"excerpt":{"rendered":"<p>Byr\u00e5n sk\u00f6ter bland annat: Familjer\u00e4ttsliga \u00e4renden &#8211; \u00c4ktenskapsf\u00f6rord och \u00f6vriga avtal mellan makar &#8211; Avtal mellan samboende &#8211; Skilsm\u00e4ssor och avvittring &#8211; V\u00e5rdnad om barn och umg\u00e4ngesfr\u00e5gor &#8211; Intressebevakning (f\u00f6rmyndarskap) Arvsr\u00e4ttsliga \u00e4renden &#8211; Bouppteckningar &#8211; Testamenten &#8211; Boutredningar &#8211; Arvskiften F\u00f6rm\u00f6genhetsr\u00e4ttsliga arrangemang &#8211; K\u00f6pe- och g\u00e5vobrev &#8211; Fastighets- och l\u00e4genhetsk\u00f6p &#8211; Hyres- och bostads\u00e4renden &#8211;&#8230;  <a href=\"https:\/\/www.enegren.fi\/swedish\/tjanster\/\" class=\"more-link\" title=\"Read Tj\u00e4nster\">Read more &raquo;<\/a><\/p>\n","protected":false},"author":1,"featured_media":0,"parent":0,"menu_order":0,"comment_status":"closed","ping_status":"closed","template":"","meta":{"footnotes":""},"class_list":["post-16","page","type-page","status-publish","hentry"],"_links":{"self":[{"href":"https:\/\/www.enegren.fi\/swedish\/wp-json\/wp\/v2\/pages\/16","targetHints":{"allow":["GET"]}}],"collection":[{"href":"https:\/\/www.enegren.fi\/swedish\/wp-json\/wp\/v2\/pages"}],"about":[{"href":"https:\/\/www.enegren.fi\/swedish\/wp-json\/wp\/v2\/types\/page"}],"author":[{"embeddable":true,"href":"https:\/\/www.enegren.fi\/swedish\/wp-json\/wp\/v2\/users\/1"}],"replies":[{"embeddable":true,"href":"https:\/\/www.enegren.fi\/swedish\/wp-json\/wp\/v2\/comments?post=16"}],"version-history":[{"count":5,"href":"https:\/\/www.enegren.fi\/swedish\/wp-json\/wp\/v2\/pages\/16\/revisions"}],"predecessor-version":[{"id":54,"href":"https:\/\/www.enegren.fi\/swedish\/wp-json\/wp\/v2\/pages\/16\/revisions\/54"}],"wp:attachment":[{"href":"https:\/\/www.enegren.fi\/swedish\/wp-json\/wp\/v2\/media?parent=16"}],"curies":[{"name":"wp","href":"https:\/\/api.w.org\/{rel}","templated":true}]}}