{"id":18,"date":"2015-03-19T18:52:47","date_gmt":"2015-03-19T18:52:47","guid":{"rendered":"https:\/\/\/enegren.fi\/swedish\/?page_id=18"},"modified":"2023-01-12T20:57:13","modified_gmt":"2023-01-12T20:57:13","slug":"kontaktuppgifter","status":"publish","type":"page","link":"https:\/\/www.enegren.fi\/swedish\/kontaktuppgifter\/","title":{"rendered":"Kontaktuppgifter"},"content":{"rendered":"<div class=\"col-sm-4\">\n<figure class=\"featimg1\"><img decoding=\"async\" class=\"img-responsive\" src=\"https:\/\/www.enegren.fi\/swedish\/wp-content\/uploads\/sites\/3\/2023\/01\/office-pic2.jpg\" alt=\"Kontaktuppgifter\" \/><\/figure>\n<\/div>\n<div class=\"col-sm-8\">\n<h3>Byr\u00e5n \u00e4r l\u00e4tt att hitta. Den ligger centralt, i ljusa och trevliga utrymmen vid Kaserntorget, med utm\u00e4rkta parkeringsm\u00f6jligheter rakt utanf\u00f6r (Kaserntorgets parkeringshall).<\/h3>\n<p class=\"lead\">Juridisk byr\u00e5 Jannika Enegren<br \/>\nNorra Magasinsgatan 7 A 6b (4 v\u00e5n.)<br \/>\n00130 Helsingfors<\/p>\n<p>Tel. 09-424 744 22<\/p>\n<p>E-post: <a href=\"mailto:jannika@enegren.fi\">jannika@enegren.fi<\/a><\/p>\n<\/div>\n","protected":false},"excerpt":{"rendered":"<p>Byr\u00e5n \u00e4r l\u00e4tt att hitta. Den ligger centralt, i ljusa och trevliga utrymmen vid Kaserntorget, med utm\u00e4rkta parkeringsm\u00f6jligheter rakt utanf\u00f6r (Kaserntorgets parkeringshall). Juridisk byr\u00e5 Jannika Enegren Norra Magasinsgatan 7 A 6b (4 v\u00e5n.) 00130 Helsingfors Tel. 09-424 744 22 E-post: jannika@enegren.fi<\/p>\n","protected":false},"author":1,"featured_media":0,"parent":0,"menu_order":0,"comment_status":"closed","ping_status":"closed","template":"","meta":{"footnotes":""},"class_list":["post-18","page","type-page","status-publish","hentry"],"_links":{"self":[{"href":"https:\/\/www.enegren.fi\/swedish\/wp-json\/wp\/v2\/pages\/18","targetHints":{"allow":["GET"]}}],"collection":[{"href":"https:\/\/www.enegren.fi\/swedish\/wp-json\/wp\/v2\/pages"}],"about":[{"href":"https:\/\/www.enegren.fi\/swedish\/wp-json\/wp\/v2\/types\/page"}],"author":[{"embeddable":true,"href":"https:\/\/www.enegren.fi\/swedish\/wp-json\/wp\/v2\/users\/1"}],"replies":[{"embeddable":true,"href":"https:\/\/www.enegren.fi\/swedish\/wp-json\/wp\/v2\/comments?post=18"}],"version-history":[{"count":3,"href":"https:\/\/www.enegren.fi\/swedish\/wp-json\/wp\/v2\/pages\/18\/revisions"}],"predecessor-version":[{"id":49,"href":"https:\/\/www.enegren.fi\/swedish\/wp-json\/wp\/v2\/pages\/18\/revisions\/49"}],"wp:attachment":[{"href":"https:\/\/www.enegren.fi\/swedish\/wp-json\/wp\/v2\/media?parent=18"}],"curies":[{"name":"wp","href":"https:\/\/api.w.org\/{rel}","templated":true}]}}